{"id":30685,"date":"2020-04-02T11:29:18","date_gmt":"2020-04-02T09:29:18","guid":{"rendered":"https:\/\/magazin.ehorses.de\/?page_id=30685"},"modified":"2022-04-07T10:31:56","modified_gmt":"2022-04-07T08:31:56","slug":"ostereiersuche-gewinnspiel-tag11","status":"publish","type":"page","link":"https:\/\/www.ehorses.de\/magazin\/ostereiersuche-gewinnspiel-tag11\/","title":{"rendered":"ehorses Ostereiersuche 2020 Tag 11 &#8211; 15.04. Cavalor"},"content":{"rendered":"<div class=\"wpb-content-wrapper\"><p>[vc_row][vc_column width=&#8221;1\/2&#8243;][vc_column_text]<\/p>\n<h1>Gewinne ein Cavalor Care-Paket<\/h1>\n<p>In dem f\u00fcr euch zusammengestelltem Cavalor Care-Pakter befinden sich die Leather Soap, das Star Shine, PodoGuard, das FreeBute Gel und eine Packung Fruities. Wer will das nicht gewinnen?[\/vc_column_text][\/vc_column][vc_column width=&#8221;1\/2&#8243;][vc_single_image image=&#8221;30695&#8243; img_size=&#8221;large&#8221; alignment=&#8221;center&#8221;][\/vc_column][\/vc_row][vc_row][vc_column][vc_column_text]<\/p>\n<h3>Informationen zum Gewinn:<\/h3>\n<p><strong>FreeBute Gel<\/strong><br \/>\n\u2022 Aus 8 \u00e4therischen \u00d6len<br \/>\n\u2022 K\u00fchlend<br \/>\n\u2022 Schmerzlindernd<br \/>\n\u2022 Positiver Effekt auf Durchblutung<br \/>\n\u2022 Benutzung bei angelaufenen Beinen, schmerzenden Gelenken, empfindlichen oder beanspruchten Muskeln und Sehnen<br \/>\n\u2022 Kann auch beim Menschen benutzt werden<br \/>\n<strong>PodoGuard<\/strong><br \/>\n\u2022 \u00c4therische und n\u00e4hrende \u00d6le<br \/>\n\u2022 F\u00fcr optimale Hufqualit\u00e4t<br \/>\n\u2022 Schafft idealen Feuchtigkeitshaushalt um Huf<br \/>\n\u2022 Bef\u00f6rdert gesundes Hufwachstum<br \/>\n\u2022 Dient als antibakterielle Barriere<br \/>\n\u2022 Bei Trockenheit mehrmals pro Woche auf sauberen nassen Huf auftragen<br \/>\n\u2022 Bei nassen Verh\u00e4ltnissen mehrmals pro Woche auf sauberen trockenen Huf auftragen<br \/>\n<strong>Leather Soap<\/strong><br \/>\n\u2022 Auf Glycerin basierte Seife<br \/>\n\u2022 N\u00e4hrt Leder und erh\u00e4lt es geschmeidig ohne Festigkeit zu verlieren<br \/>\n\u2022 Kann nach jedem Gebrauch des Sattelzeugs benutzt werden<br \/>\n\u2022 Einfach aufzutragen durch Spr\u00fchkopf<br \/>\n\u2022 Beseitigt Schimmel und Bakteriemn<br \/>\n<strong>Star Shine<\/strong><br \/>\n\u2022 Langanhaltendes Fellpflegemittel mit einzigartigem angenehmen Duft<br \/>\n\u2022 Verleiht Fell einen tollen Glanz<br \/>\n\u2022 Gibt dem Langhaar Volumen<br \/>\n\u2022 Entknotet Schweif und M\u00e4hne f\u00fcr eine Woche<br \/>\n\u2022 Staub- und schmutzabweisende Eigenschaften<br \/>\n\u2022 pH neutral<br \/>\n\u2022 Hilft besch\u00e4digtes Haar zu reparieren<br \/>\n\u2022 Fellfarbe und Struktur wird verbessert<br \/>\n<strong>Fruities<\/strong><br \/>\n\u2022 Leckere und Gesunde Belohnung f\u00fcrs Pferd<br \/>\n\u2022 Waldbeerengeschmack<\/p>\n<p>Mehr \u00fcber Cavalor erfahren[\/vc_column_text][vc_btn title=&#8221;Zur Cavalor-Seite&#8221; color=&#8221;danger&#8221; link=&#8221;url:http%3A%2F%2Fwww.cavalor.com%2Fde-de||target:%20_blank|&#8221;][\/vc_column][\/vc_row]<\/p>\n<\/div>","protected":false},"excerpt":{"rendered":"[vc_row][vc_column width=\"1\/2\"][vc_column_text] Gewinne ein Cavalor Care-Paket In dem f\u00fcr euch zusammengestelltem Cavalor Care-Pakter befinden sich&hellip;","protected":false},"author":129,"featured_media":30458,"parent":0,"menu_order":0,"comment_status":"closed","ping_status":"closed","template":"","meta":{"_lmt_disableupdate":"","_lmt_disable":"","footnotes":""},"class_list":["post-30685","page","type-page","status-publish","has-post-thumbnail","hentry"],"_oembed_6e2261a90c0f61b3f6e5cbf5248ae69a":null,"_oembed_d83ed97665bbfe5cbf2a5acd0571bfe8":null,"_oembed_879340bd3c064234a240bcda2f369c23":null,"_oembed_519616b8842fb308e7a3039c04f55a79":null,"acf":[],"yoast_head":"<!-- This site is optimized with the Yoast SEO plugin v26.9 - https:\/\/yoast.com\/product\/yoast-seo-wordpress\/ -->\n<title>ehorses Ostereiersuche 2020 Tag 11 - 15.04. Cavalor - ehorses Magazin<\/title>\n<meta name=\"description\" content=\"Gewinne Produkte von Cavalor bei der ehorses Ostereiersuche. Kostenlos mitmachen und mit etwas Gl\u00fcck tolle Preise abstauben.\" \/>\n<meta name=\"robots\" content=\"index, follow, max-snippet:-1, max-image-preview:large, max-video-preview:-1\" \/>\n<link rel=\"canonical\" href=\"https:\/\/www.ehorses.de\/magazin\/ostereiersuche-gewinnspiel-tag11\/\" \/>\n<meta property=\"og:locale\" content=\"de_DE\" \/>\n<meta property=\"og:type\" content=\"article\" \/>\n<meta property=\"og:title\" content=\"ehorses Ostereiersuche 2020 Tag 11 - 15.04. Cavalor - ehorses Magazin\" \/>\n<meta property=\"og:description\" content=\"Gewinne Produkte von Cavalor bei der ehorses Ostereiersuche. Kostenlos mitmachen und mit etwas Gl\u00fcck tolle Preise abstauben.\" \/>\n<meta property=\"og:url\" content=\"https:\/\/www.ehorses.de\/magazin\/ostereiersuche-gewinnspiel-tag11\/\" \/>\n<meta property=\"og:site_name\" content=\"ehorses Magazin\" \/>\n<meta property=\"article:modified_time\" content=\"2022-04-07T08:31:56+00:00\" \/>\n<meta property=\"og:image\" content=\"https:\/\/www.ehorses.de\/magazin\/wp-content\/uploads\/Header_magazin_ehorses.jpg\" \/>\n\t<meta property=\"og:image:width\" content=\"1170\" \/>\n\t<meta property=\"og:image:height\" content=\"440\" \/>\n\t<meta property=\"og:image:type\" content=\"image\/jpeg\" \/>\n<meta name=\"twitter:card\" content=\"summary_large_image\" \/>\n<meta name=\"twitter:label1\" content=\"Gesch\u00e4tzte Lesezeit\" \/>\n\t<meta name=\"twitter:data1\" content=\"1\u00a0Minute\" \/>\n<script type=\"application\/ld+json\" class=\"yoast-schema-graph\">{\"@context\":\"https:\/\/schema.org\",\"@graph\":[{\"@type\":\"WebPage\",\"@id\":\"https:\/\/www.ehorses.de\/magazin\/ostereiersuche-gewinnspiel-tag11\/\",\"url\":\"https:\/\/www.ehorses.de\/magazin\/ostereiersuche-gewinnspiel-tag11\/\",\"name\":\"ehorses Ostereiersuche 2020 Tag 11 - 15.04. Cavalor - ehorses Magazin\",\"isPartOf\":{\"@id\":\"https:\/\/www.ehorses.de\/magazin\/#website\"},\"primaryImageOfPage\":{\"@id\":\"https:\/\/www.ehorses.de\/magazin\/ostereiersuche-gewinnspiel-tag11\/#primaryimage\"},\"image\":{\"@id\":\"https:\/\/www.ehorses.de\/magazin\/ostereiersuche-gewinnspiel-tag11\/#primaryimage\"},\"thumbnailUrl\":\"https:\/\/www.ehorses.de\/magazin\/wp-content\/uploads\/Header_magazin_ehorses.jpg\",\"datePublished\":\"2020-04-02T09:29:18+00:00\",\"dateModified\":\"2022-04-07T08:31:56+00:00\",\"description\":\"Gewinne Produkte von Cavalor bei der ehorses Ostereiersuche. Kostenlos mitmachen und mit etwas Gl\u00fcck tolle Preise abstauben.\",\"breadcrumb\":{\"@id\":\"https:\/\/www.ehorses.de\/magazin\/ostereiersuche-gewinnspiel-tag11\/#breadcrumb\"},\"inLanguage\":\"de\",\"potentialAction\":[{\"@type\":\"ReadAction\",\"target\":[\"https:\/\/www.ehorses.de\/magazin\/ostereiersuche-gewinnspiel-tag11\/\"]}]},{\"@type\":\"ImageObject\",\"inLanguage\":\"de\",\"@id\":\"https:\/\/www.ehorses.de\/magazin\/ostereiersuche-gewinnspiel-tag11\/#primaryimage\",\"url\":\"https:\/\/www.ehorses.de\/magazin\/wp-content\/uploads\/Header_magazin_ehorses.jpg\",\"contentUrl\":\"https:\/\/www.ehorses.de\/magazin\/wp-content\/uploads\/Header_magazin_ehorses.jpg\",\"width\":1170,\"height\":440,\"caption\":\"ehorses Ostereiersuche: Ostergewinnspiel 2020\"},{\"@type\":\"BreadcrumbList\",\"@id\":\"https:\/\/www.ehorses.de\/magazin\/ostereiersuche-gewinnspiel-tag11\/#breadcrumb\",\"itemListElement\":[{\"@type\":\"ListItem\",\"position\":1,\"name\":\"Startseite\",\"item\":\"https:\/\/www.ehorses.de\/magazin\/\"},{\"@type\":\"ListItem\",\"position\":2,\"name\":\"ehorses Ostereiersuche 2020 Tag 11 &#8211; 15.04. Cavalor\"}]},{\"@type\":\"WebSite\",\"@id\":\"https:\/\/www.ehorses.de\/magazin\/#website\",\"url\":\"https:\/\/www.ehorses.de\/magazin\/\",\"name\":\"ehorses Magazin\",\"description\":\"\",\"potentialAction\":[{\"@type\":\"SearchAction\",\"target\":{\"@type\":\"EntryPoint\",\"urlTemplate\":\"https:\/\/www.ehorses.de\/magazin\/?s={search_term_string}\"},\"query-input\":{\"@type\":\"PropertyValueSpecification\",\"valueRequired\":true,\"valueName\":\"search_term_string\"}}],\"inLanguage\":\"de\"}]}<\/script>\n<!-- \/ Yoast SEO plugin. -->","yoast_head_json":{"title":"ehorses Ostereiersuche 2020 Tag 11 - 15.04. Cavalor - ehorses Magazin","description":"Gewinne Produkte von Cavalor bei der ehorses Ostereiersuche. Kostenlos mitmachen und mit etwas Gl\u00fcck tolle Preise abstauben.","robots":{"index":"index","follow":"follow","max-snippet":"max-snippet:-1","max-image-preview":"max-image-preview:large","max-video-preview":"max-video-preview:-1"},"canonical":"https:\/\/www.ehorses.de\/magazin\/ostereiersuche-gewinnspiel-tag11\/","og_locale":"de_DE","og_type":"article","og_title":"ehorses Ostereiersuche 2020 Tag 11 - 15.04. Cavalor - ehorses Magazin","og_description":"Gewinne Produkte von Cavalor bei der ehorses Ostereiersuche. Kostenlos mitmachen und mit etwas Gl\u00fcck tolle Preise abstauben.","og_url":"https:\/\/www.ehorses.de\/magazin\/ostereiersuche-gewinnspiel-tag11\/","og_site_name":"ehorses Magazin","article_modified_time":"2022-04-07T08:31:56+00:00","og_image":[{"width":1170,"height":440,"url":"https:\/\/www.ehorses.de\/magazin\/wp-content\/uploads\/Header_magazin_ehorses.jpg","type":"image\/jpeg"}],"twitter_card":"summary_large_image","twitter_misc":{"Gesch\u00e4tzte Lesezeit":"1\u00a0Minute"},"schema":{"@context":"https:\/\/schema.org","@graph":[{"@type":"WebPage","@id":"https:\/\/www.ehorses.de\/magazin\/ostereiersuche-gewinnspiel-tag11\/","url":"https:\/\/www.ehorses.de\/magazin\/ostereiersuche-gewinnspiel-tag11\/","name":"ehorses Ostereiersuche 2020 Tag 11 - 15.04. Cavalor - ehorses Magazin","isPartOf":{"@id":"https:\/\/www.ehorses.de\/magazin\/#website"},"primaryImageOfPage":{"@id":"https:\/\/www.ehorses.de\/magazin\/ostereiersuche-gewinnspiel-tag11\/#primaryimage"},"image":{"@id":"https:\/\/www.ehorses.de\/magazin\/ostereiersuche-gewinnspiel-tag11\/#primaryimage"},"thumbnailUrl":"https:\/\/www.ehorses.de\/magazin\/wp-content\/uploads\/Header_magazin_ehorses.jpg","datePublished":"2020-04-02T09:29:18+00:00","dateModified":"2022-04-07T08:31:56+00:00","description":"Gewinne Produkte von Cavalor bei der ehorses Ostereiersuche. Kostenlos mitmachen und mit etwas Gl\u00fcck tolle Preise abstauben.","breadcrumb":{"@id":"https:\/\/www.ehorses.de\/magazin\/ostereiersuche-gewinnspiel-tag11\/#breadcrumb"},"inLanguage":"de","potentialAction":[{"@type":"ReadAction","target":["https:\/\/www.ehorses.de\/magazin\/ostereiersuche-gewinnspiel-tag11\/"]}]},{"@type":"ImageObject","inLanguage":"de","@id":"https:\/\/www.ehorses.de\/magazin\/ostereiersuche-gewinnspiel-tag11\/#primaryimage","url":"https:\/\/www.ehorses.de\/magazin\/wp-content\/uploads\/Header_magazin_ehorses.jpg","contentUrl":"https:\/\/www.ehorses.de\/magazin\/wp-content\/uploads\/Header_magazin_ehorses.jpg","width":1170,"height":440,"caption":"ehorses Ostereiersuche: Ostergewinnspiel 2020"},{"@type":"BreadcrumbList","@id":"https:\/\/www.ehorses.de\/magazin\/ostereiersuche-gewinnspiel-tag11\/#breadcrumb","itemListElement":[{"@type":"ListItem","position":1,"name":"Startseite","item":"https:\/\/www.ehorses.de\/magazin\/"},{"@type":"ListItem","position":2,"name":"ehorses Ostereiersuche 2020 Tag 11 &#8211; 15.04. Cavalor"}]},{"@type":"WebSite","@id":"https:\/\/www.ehorses.de\/magazin\/#website","url":"https:\/\/www.ehorses.de\/magazin\/","name":"ehorses Magazin","description":"","potentialAction":[{"@type":"SearchAction","target":{"@type":"EntryPoint","urlTemplate":"https:\/\/www.ehorses.de\/magazin\/?s={search_term_string}"},"query-input":{"@type":"PropertyValueSpecification","valueRequired":true,"valueName":"search_term_string"}}],"inLanguage":"de"}]}},"_links":{"self":[{"href":"https:\/\/www.ehorses.de\/magazin\/wp-json\/wp\/v2\/pages\/30685","targetHints":{"allow":["GET"]}}],"collection":[{"href":"https:\/\/www.ehorses.de\/magazin\/wp-json\/wp\/v2\/pages"}],"about":[{"href":"https:\/\/www.ehorses.de\/magazin\/wp-json\/wp\/v2\/types\/page"}],"author":[{"embeddable":true,"href":"https:\/\/www.ehorses.de\/magazin\/wp-json\/wp\/v2\/users\/129"}],"replies":[{"embeddable":true,"href":"https:\/\/www.ehorses.de\/magazin\/wp-json\/wp\/v2\/comments?post=30685"}],"version-history":[{"count":0,"href":"https:\/\/www.ehorses.de\/magazin\/wp-json\/wp\/v2\/pages\/30685\/revisions"}],"wp:featuredmedia":[{"embeddable":true,"href":"https:\/\/www.ehorses.de\/magazin\/wp-json\/wp\/v2\/media\/30458"}],"wp:attachment":[{"href":"https:\/\/www.ehorses.de\/magazin\/wp-json\/wp\/v2\/media?parent=30685"}],"curies":[{"name":"wp","href":"https:\/\/api.w.org\/{rel}","templated":true}]}}