{"id":71857,"date":"2024-10-14T11:15:44","date_gmt":"2024-10-14T09:15:44","guid":{"rendered":"https:\/\/www.ehorses.de\/magazin\/?page_id=71857"},"modified":"2025-04-09T13:22:11","modified_gmt":"2025-04-09T11:22:11","slug":"download-versicherungsguide-der-agria-tierversicherungen","status":"publish","type":"page","link":"https:\/\/www.ehorses.de\/magazin\/danke-e-book-versicherungsguide\/","title":{"rendered":"Download Versicherungsguide der Agria Tierversicherungen"},"content":{"rendered":"\t\t<div data-elementor-type=\"wp-page\" data-elementor-id=\"71857\" class=\"elementor elementor-71857\" data-elementor-post-type=\"page\">\n\t\t\t\t\t\t<section data-particle_enable=\"false\" data-particle-mobile-disabled=\"false\" class=\"penci-section penci-disSticky penci-structure-10 elementor-section elementor-top-section elementor-element elementor-element-9111135 elementor-section-boxed elementor-section-height-default elementor-section-height-default\" data-id=\"9111135\" data-element_type=\"section\" data-e-type=\"section\">\n\t\t\t\t\t\t<div class=\"elementor-container elementor-column-gap-default\">\n\t\t\t\t\t<div class=\"penci-ercol-100 penci-ercol-order-1 penci-sticky-ct    elementor-column elementor-col-100 elementor-top-column elementor-element elementor-element-4c76484\" data-id=\"4c76484\" data-element_type=\"column\" data-e-type=\"column\">\n\t\t\t<div class=\"elementor-widget-wrap elementor-element-populated\">\n\t\t\t\t\t\t<div class=\"elementor-element elementor-element-f85646d elementor-cta--skin-classic elementor-animated-content elementor-bg-transform elementor-bg-transform-zoom-in elementor-widget elementor-widget-call-to-action\" data-id=\"f85646d\" data-element_type=\"widget\" data-e-type=\"widget\" data-widget_type=\"call-to-action.default\">\n\t\t\t\t<div class=\"elementor-widget-container\">\n\t\t\t\t\t\t\t<a class=\"elementor-cta\" href=\"https:\/\/www.ehorses.de\/magazin\/wp-content\/uploads\/Agria-Versicherungsguide-3.pdf\">\n\t\t\t\t\t<div class=\"elementor-cta__bg-wrapper\">\n\t\t\t\t<div class=\"elementor-cta__bg elementor-bg\" style=\"background-image: url(https:\/\/www.ehorses.de\/magazin\/wp-content\/uploads\/Option-2.1-1-2.jpg);\" role=\"img\" aria-label=\"Option 2.1 (1)\"><\/div>\n\t\t\t\t<div class=\"elementor-cta__bg-overlay\"><\/div>\n\t\t\t<\/div>\n\t\t\t\t\t\t\t<div class=\"elementor-cta__content\">\n\t\t\t\t\n\t\t\t\t\t\t\t\t\t<h2 class=\"elementor-cta__title elementor-cta__content-item elementor-content-item\">\n\t\t\t\t\t\tDein Pferdeversicherungs-Guide von Agria ist da!\t\t\t\t\t<\/h2>\n\t\t\t\t\n\t\t\t\t\t\t\t\t\t<div class=\"elementor-cta__description elementor-cta__content-item elementor-content-item\">\n\t\t\t\t\t\tVielen Dank f\u00fcr dein Interesse am Pferdeversicherungs-Guide unseres Partners Agria Tierversicherung. Hier findest du den Link zum Download des Guides, der dir alle wichtigen Informationen rund um den Schutz deines Pferdes bietet:\t\t\t\t\t<\/div>\n\t\t\t\t\n\t\t\t\t\t\t\t\t\t<div class=\"elementor-cta__button-wrapper elementor-cta__content-item elementor-content-item \">\n\t\t\t\t\t<span class=\"elementor-cta__button elementor-button elementor-size-\">\n\t\t\t\t\t\tDownload\t\t\t\t\t<\/span>\n\t\t\t\t\t<\/div>\n\t\t\t\t\t\t\t<\/div>\n\t\t\t\t\t\t\t<div class=\"elementor-ribbon\">\n\t\t\t\t<div class=\"elementor-ribbon-inner\">\n\t\t\t\t\tGratis\t\t\t\t<\/div>\n\t\t\t<\/div>\n\t\t\t\t<\/a>\n\t\t\t\t\t\t<\/div>\n\t\t\t\t<\/div>\n\t\t\t\t<div class=\"elementor-element elementor-element-f8926e1 elementor-widget elementor-widget-text-editor\" data-id=\"f8926e1\" data-element_type=\"widget\" data-e-type=\"widget\" data-widget_type=\"text-editor.default\">\n\t\t\t\t<div class=\"elementor-widget-container\">\n\t\t\t\t\t\t\t\t\t<div class=\"TypographyPresentation TypographyPresentation--medium RichText3-paragraph--withVSpacingNormal RichText3-paragraph\">In diesem Guide erf\u00e4hrst du, <strong>welche Versicherungen<\/strong> <strong>f\u00fcr Pferdebesitzer wichtig sind<\/strong>, wie du dein Pferd bestm\u00f6glich absichern kannst und welche besonderen Vorteile Agria dir bietet. So k\u00f6nnen du und dein (zuk\u00fcnftiges) Pferd einen unbeschwerten Start zusammen erleben.<\/div><div>\u00a0<\/div><div class=\"TypographyPresentation TypographyPresentation--medium RichText3-paragraph--withVSpacingNormal RichText3-paragraph\">F\u00fcr alle weitergehenden Fragen zu Pferdeversicherungen steht dir das Team von Agria jederzeit zur Verf\u00fcgung.<\/div><div>\u00a0<\/div><div class=\"TypographyPresentation TypographyPresentation--medium RichText3-paragraph--withVSpacingNormal RichText3-paragraph\">Per Mail kannst du gerne via <strong><a class=\"PrimaryLink BaseLink\" href=\"mailto:info@agriatierversicherung.de\" target=\"_blank\" rel=\"noreferrer noopener\">info@agriatierversicherung.de<\/a><\/strong> direkt Kontakt mit einem Agria-Versicherungsexperten aufnehmen oder du besuchst einfach ihre Website:<\/div>\t\t\t\t\t\t\t\t<\/div>\n\t\t\t\t<\/div>\n\t\t\t\t<div class=\"elementor-element elementor-element-52d6269 elementor-align-center elementor-widget elementor-widget-button\" data-id=\"52d6269\" data-element_type=\"widget\" data-e-type=\"widget\" data-widget_type=\"button.default\">\n\t\t\t\t<div class=\"elementor-widget-container\">\n\t\t\t\t\t\t\t\t\t<div class=\"elementor-button-wrapper\">\n\t\t\t\t\t<a class=\"elementor-button elementor-button-link elementor-size-sm\" href=\"https:\/\/www.agriatierversicherung.de\/pferd\/pferdeversicherung\/\" target=\"_blank\" rel=\"nofollow\">\n\t\t\t\t\t\t<span class=\"elementor-button-content-wrapper\">\n\t\t\t\t\t\t\t\t\t<span class=\"elementor-button-text\">Zur Agria Tierversicherungen Website<\/span>\n\t\t\t\t\t<\/span>\n\t\t\t\t\t<\/a>\n\t\t\t\t<\/div>\n\t\t\t\t\t\t\t\t<\/div>\n\t\t\t\t<\/div>\n\t\t\t\t<div class=\"elementor-element elementor-element-24d6ba0 elementor-widget elementor-widget-spacer\" data-id=\"24d6ba0\" data-element_type=\"widget\" data-e-type=\"widget\" data-widget_type=\"spacer.default\">\n\t\t\t\t<div class=\"elementor-widget-container\">\n\t\t\t\t\t\t\t<div class=\"elementor-spacer\">\n\t\t\t<div class=\"elementor-spacer-inner\"><\/div>\n\t\t<\/div>\n\t\t\t\t\t\t<\/div>\n\t\t\t\t<\/div>\n\t\t\t\t<div class=\"elementor-element elementor-element-0d89ef1 elementor-widget elementor-widget-text-editor\" data-id=\"0d89ef1\" data-element_type=\"widget\" data-e-type=\"widget\" data-widget_type=\"text-editor.default\">\n\t\t\t\t<div class=\"elementor-widget-container\">\n\t\t\t\t\t\t\t\t\t<div class=\"TypographyPresentation TypographyPresentation--medium RichText3-paragraph--withVSpacingNormal RichText3-paragraph\"><span style=\"color: var( --e-global-color-text ); font-family: var( --e-global-typography-text-font-family ), Sans-serif; font-weight: var( --e-global-typography-text-font-weight );\">Viel Spa\u00df beim Lesen und bis bald!<\/span><\/div>\t\t\t\t\t\t\t\t<\/div>\n\t\t\t\t<\/div>\n\t\t\t\t\t<\/div>\n\t\t<\/div>\n\t\t\t\t\t<\/div>\n\t\t<\/section>\n\t\t\t\t<\/div>\n\t\t","protected":false},"excerpt":{"rendered":"<p>Dein Pferdeversicherungs-Guide von Agria ist da! Vielen Dank f\u00fcr dein Interesse am Pferdeversicherungs-Guide unseres Partners&hellip;<\/p>\n","protected":false},"author":129,"featured_media":0,"parent":0,"menu_order":0,"comment_status":"closed","ping_status":"closed","template":"","meta":{"_lmt_disableupdate":"","_lmt_disable":"","footnotes":""},"class_list":["post-71857","page","type-page","status-publish","hentry"],"_oembed_6e2261a90c0f61b3f6e5cbf5248ae69a":null,"_oembed_d83ed97665bbfe5cbf2a5acd0571bfe8":null,"_oembed_879340bd3c064234a240bcda2f369c23":null,"_oembed_519616b8842fb308e7a3039c04f55a79":null,"acf":[],"yoast_head":"<!-- This site is optimized with the Yoast SEO plugin v26.9 - https:\/\/yoast.com\/product\/yoast-seo-wordpress\/ -->\n<title>Download Versicherungsguide der Agria Tierversicherungen - ehorses Magazin<\/title>\n<meta name=\"robots\" content=\"index, follow, max-snippet:-1, max-image-preview:large, max-video-preview:-1\" \/>\n<link rel=\"canonical\" href=\"https:\/\/www.ehorses.de\/magazin\/danke-e-book-versicherungsguide\/\" \/>\n<meta property=\"og:locale\" content=\"de_DE\" \/>\n<meta property=\"og:type\" content=\"article\" \/>\n<meta property=\"og:title\" content=\"Download Versicherungsguide der Agria Tierversicherungen - ehorses Magazin\" \/>\n<meta property=\"og:description\" content=\"Dein Pferdeversicherungs-Guide von Agria ist da! Vielen Dank f\u00fcr dein Interesse am Pferdeversicherungs-Guide unseres Partners&hellip;\" \/>\n<meta property=\"og:url\" content=\"https:\/\/www.ehorses.de\/magazin\/danke-e-book-versicherungsguide\/\" \/>\n<meta property=\"og:site_name\" content=\"ehorses Magazin\" \/>\n<meta property=\"article:modified_time\" content=\"2025-04-09T11:22:11+00:00\" \/>\n<meta name=\"twitter:card\" content=\"summary_large_image\" \/>\n<meta name=\"twitter:label1\" content=\"Gesch\u00e4tzte Lesezeit\" \/>\n\t<meta name=\"twitter:data1\" content=\"1\u00a0Minute\" \/>\n<script type=\"application\/ld+json\" class=\"yoast-schema-graph\">{\"@context\":\"https:\/\/schema.org\",\"@graph\":[{\"@type\":\"WebPage\",\"@id\":\"https:\/\/www.ehorses.de\/magazin\/danke-e-book-versicherungsguide\/\",\"url\":\"https:\/\/www.ehorses.de\/magazin\/danke-e-book-versicherungsguide\/\",\"name\":\"Download Versicherungsguide der Agria Tierversicherungen - ehorses Magazin\",\"isPartOf\":{\"@id\":\"https:\/\/www.ehorses.de\/magazin\/#website\"},\"datePublished\":\"2024-10-14T09:15:44+00:00\",\"dateModified\":\"2025-04-09T11:22:11+00:00\",\"breadcrumb\":{\"@id\":\"https:\/\/www.ehorses.de\/magazin\/danke-e-book-versicherungsguide\/#breadcrumb\"},\"inLanguage\":\"de\",\"potentialAction\":[{\"@type\":\"ReadAction\",\"target\":[\"https:\/\/www.ehorses.de\/magazin\/danke-e-book-versicherungsguide\/\"]}]},{\"@type\":\"BreadcrumbList\",\"@id\":\"https:\/\/www.ehorses.de\/magazin\/danke-e-book-versicherungsguide\/#breadcrumb\",\"itemListElement\":[{\"@type\":\"ListItem\",\"position\":1,\"name\":\"Startseite\",\"item\":\"https:\/\/www.ehorses.de\/magazin\/\"},{\"@type\":\"ListItem\",\"position\":2,\"name\":\"Download Versicherungsguide der Agria Tierversicherungen\"}]},{\"@type\":\"WebSite\",\"@id\":\"https:\/\/www.ehorses.de\/magazin\/#website\",\"url\":\"https:\/\/www.ehorses.de\/magazin\/\",\"name\":\"ehorses Magazin\",\"description\":\"\",\"potentialAction\":[{\"@type\":\"SearchAction\",\"target\":{\"@type\":\"EntryPoint\",\"urlTemplate\":\"https:\/\/www.ehorses.de\/magazin\/?s={search_term_string}\"},\"query-input\":{\"@type\":\"PropertyValueSpecification\",\"valueRequired\":true,\"valueName\":\"search_term_string\"}}],\"inLanguage\":\"de\"}]}<\/script>\n<!-- \/ Yoast SEO plugin. -->","yoast_head_json":{"title":"Download Versicherungsguide der Agria Tierversicherungen - ehorses Magazin","robots":{"index":"index","follow":"follow","max-snippet":"max-snippet:-1","max-image-preview":"max-image-preview:large","max-video-preview":"max-video-preview:-1"},"canonical":"https:\/\/www.ehorses.de\/magazin\/danke-e-book-versicherungsguide\/","og_locale":"de_DE","og_type":"article","og_title":"Download Versicherungsguide der Agria Tierversicherungen - ehorses Magazin","og_description":"Dein Pferdeversicherungs-Guide von Agria ist da! Vielen Dank f\u00fcr dein Interesse am Pferdeversicherungs-Guide unseres Partners&hellip;","og_url":"https:\/\/www.ehorses.de\/magazin\/danke-e-book-versicherungsguide\/","og_site_name":"ehorses Magazin","article_modified_time":"2025-04-09T11:22:11+00:00","twitter_card":"summary_large_image","twitter_misc":{"Gesch\u00e4tzte Lesezeit":"1\u00a0Minute"},"schema":{"@context":"https:\/\/schema.org","@graph":[{"@type":"WebPage","@id":"https:\/\/www.ehorses.de\/magazin\/danke-e-book-versicherungsguide\/","url":"https:\/\/www.ehorses.de\/magazin\/danke-e-book-versicherungsguide\/","name":"Download Versicherungsguide der Agria Tierversicherungen - ehorses Magazin","isPartOf":{"@id":"https:\/\/www.ehorses.de\/magazin\/#website"},"datePublished":"2024-10-14T09:15:44+00:00","dateModified":"2025-04-09T11:22:11+00:00","breadcrumb":{"@id":"https:\/\/www.ehorses.de\/magazin\/danke-e-book-versicherungsguide\/#breadcrumb"},"inLanguage":"de","potentialAction":[{"@type":"ReadAction","target":["https:\/\/www.ehorses.de\/magazin\/danke-e-book-versicherungsguide\/"]}]},{"@type":"BreadcrumbList","@id":"https:\/\/www.ehorses.de\/magazin\/danke-e-book-versicherungsguide\/#breadcrumb","itemListElement":[{"@type":"ListItem","position":1,"name":"Startseite","item":"https:\/\/www.ehorses.de\/magazin\/"},{"@type":"ListItem","position":2,"name":"Download Versicherungsguide der Agria Tierversicherungen"}]},{"@type":"WebSite","@id":"https:\/\/www.ehorses.de\/magazin\/#website","url":"https:\/\/www.ehorses.de\/magazin\/","name":"ehorses Magazin","description":"","potentialAction":[{"@type":"SearchAction","target":{"@type":"EntryPoint","urlTemplate":"https:\/\/www.ehorses.de\/magazin\/?s={search_term_string}"},"query-input":{"@type":"PropertyValueSpecification","valueRequired":true,"valueName":"search_term_string"}}],"inLanguage":"de"}]}},"_links":{"self":[{"href":"https:\/\/www.ehorses.de\/magazin\/wp-json\/wp\/v2\/pages\/71857","targetHints":{"allow":["GET"]}}],"collection":[{"href":"https:\/\/www.ehorses.de\/magazin\/wp-json\/wp\/v2\/pages"}],"about":[{"href":"https:\/\/www.ehorses.de\/magazin\/wp-json\/wp\/v2\/types\/page"}],"author":[{"embeddable":true,"href":"https:\/\/www.ehorses.de\/magazin\/wp-json\/wp\/v2\/users\/129"}],"replies":[{"embeddable":true,"href":"https:\/\/www.ehorses.de\/magazin\/wp-json\/wp\/v2\/comments?post=71857"}],"version-history":[{"count":22,"href":"https:\/\/www.ehorses.de\/magazin\/wp-json\/wp\/v2\/pages\/71857\/revisions"}],"predecessor-version":[{"id":76180,"href":"https:\/\/www.ehorses.de\/magazin\/wp-json\/wp\/v2\/pages\/71857\/revisions\/76180"}],"wp:attachment":[{"href":"https:\/\/www.ehorses.de\/magazin\/wp-json\/wp\/v2\/media?parent=71857"}],"curies":[{"name":"wp","href":"https:\/\/api.w.org\/{rel}","templated":true}]}}