{"id":74527,"date":"2025-02-12T09:46:05","date_gmt":"2025-02-12T08:46:05","guid":{"rendered":"https:\/\/www.ehorses.de\/magazin\/?page_id=74527"},"modified":"2025-02-12T10:55:40","modified_gmt":"2025-02-12T09:55:40","slug":"download-muster-pferdekaufvertrag","status":"publish","type":"page","link":"https:\/\/www.ehorses.de\/magazin\/download-muster-pferdekaufvertrag\/","title":{"rendered":"Download Muster-Pferdekaufvertrag"},"content":{"rendered":"\t\t<div data-elementor-type=\"wp-page\" data-elementor-id=\"74527\" class=\"elementor elementor-74527\" data-elementor-post-type=\"page\">\n\t\t\t\t\t\t<section data-particle_enable=\"false\" data-particle-mobile-disabled=\"false\" class=\"penci-section penci-disSticky penci-structure-10 elementor-section elementor-top-section elementor-element elementor-element-9111135 elementor-section-boxed elementor-section-height-default elementor-section-height-default\" data-id=\"9111135\" data-element_type=\"section\" data-e-type=\"section\">\n\t\t\t\t\t\t<div class=\"elementor-container elementor-column-gap-default\">\n\t\t\t\t\t<div class=\"penci-ercol-100 penci-ercol-order-1 penci-sticky-ct    elementor-column elementor-col-100 elementor-top-column elementor-element elementor-element-4c76484\" data-id=\"4c76484\" data-element_type=\"column\" data-e-type=\"column\">\n\t\t\t<div class=\"elementor-widget-wrap elementor-element-populated\">\n\t\t\t\t\t\t<div class=\"elementor-element elementor-element-0ad3e93 elementor-widget elementor-widget-text-editor\" data-id=\"0ad3e93\" data-element_type=\"widget\" data-e-type=\"widget\" data-widget_type=\"text-editor.default\">\n\t\t\t\t<div class=\"elementor-widget-container\">\n\t\t\t\t\t\t\t\t\t<div class=\"et_pb_module et_pb_text et_pb_text_13 et_pb_text_align_left et_pb_bg_layout_light\"><h2 class=\"et_pb_text_inner\">Dein kostenloser Pferdekaufvertrag f\u00fcr K\u00e4ufer und Verk\u00e4ufer<\/h2><p>Mit unserem Mustervertrag stellst du sicher, dass alle wichtigen Details klar geregelt sind. Wir bieten dir zwei Versionen: Eine f\u00fcr Kaufvertr\u00e4ge zwischen <strong>Privatpersonen<\/strong> und eine f\u00fcr K\u00e4ufe zwischen <strong>Verbrauchern und Unternehmen.<\/strong><\/p><\/div>\t\t\t\t\t\t\t\t<\/div>\n\t\t\t\t<\/div>\n\t\t\t\t<div class=\"elementor-element elementor-element-2b5b976 elementor-widget elementor-widget-html\" data-id=\"2b5b976\" data-element_type=\"widget\" data-e-type=\"widget\" data-widget_type=\"html.default\">\n\t\t\t\t<div class=\"elementor-widget-container\">\n\t\t\t\t\t<iframe style=\"color: inherit; font-family: inherit; font-size: inherit; font-weight: inherit; text-align: inherit; height: 620px;\" src=\"https:\/\/redir.ehorses.de\/wgt\/v7m4\/xnpn\/form?c=8dac46df\"><\/iframe>\r\n\r\n<script type=\"text\/javascript\" src=\"https:\/\/app.mailjet.com\/pas-nc-embedded-v1.js\"><\/script>\t\t\t\t<\/div>\n\t\t\t\t<\/div>\n\t\t\t\t\t<\/div>\n\t\t<\/div>\n\t\t\t\t\t<\/div>\n\t\t<\/section>\n\t\t\t\t<\/div>\n\t\t","protected":false},"excerpt":{"rendered":"<p>Dein kostenloser Pferdekaufvertrag f\u00fcr K\u00e4ufer und Verk\u00e4ufer Mit unserem Mustervertrag stellst du sicher, dass alle&hellip;<\/p>\n","protected":false},"author":129,"featured_media":0,"parent":0,"menu_order":0,"comment_status":"closed","ping_status":"closed","template":"","meta":{"_lmt_disableupdate":"","_lmt_disable":"","footnotes":""},"class_list":["post-74527","page","type-page","status-publish","hentry"],"_oembed_6e2261a90c0f61b3f6e5cbf5248ae69a":null,"_oembed_d83ed97665bbfe5cbf2a5acd0571bfe8":null,"_oembed_879340bd3c064234a240bcda2f369c23":null,"_oembed_519616b8842fb308e7a3039c04f55a79":null,"yoast_head":"<!-- This site is optimized with the Yoast SEO plugin v27.4 - https:\/\/yoast.com\/product\/yoast-seo-wordpress\/ -->\n<title>Muster-Pferdekaufvertrag \u2013 Jetzt kostenfrei downloaden I ehorses<\/title>\n<meta name=\"description\" content=\"Pferdekaufvertrag als Muster zum Download \u2013 rechtssicher &amp; kostenfrei f\u00fcr K\u00e4ufer und Verk\u00e4ufer \u25ba Jetzt mehr erfahren!\" \/>\n<meta name=\"robots\" content=\"index, follow, max-snippet:-1, max-image-preview:large, max-video-preview:-1\" \/>\n<link rel=\"canonical\" href=\"https:\/\/www.ehorses.de\/magazin\/download-muster-pferdekaufvertrag\/\" \/>\n<meta property=\"og:locale\" content=\"de_DE\" \/>\n<meta property=\"og:type\" content=\"article\" \/>\n<meta property=\"og:title\" content=\"Muster-Pferdekaufvertrag \u2013 Jetzt kostenfrei downloaden I ehorses\" \/>\n<meta property=\"og:description\" content=\"Pferdekaufvertrag als Muster zum Download \u2013 rechtssicher &amp; kostenfrei f\u00fcr K\u00e4ufer und Verk\u00e4ufer \u25ba Jetzt mehr erfahren!\" \/>\n<meta property=\"og:url\" content=\"https:\/\/www.ehorses.de\/magazin\/download-muster-pferdekaufvertrag\/\" \/>\n<meta property=\"og:site_name\" content=\"ehorses Magazin\" \/>\n<meta property=\"article:modified_time\" content=\"2025-02-12T09:55:40+00:00\" \/>\n<meta name=\"twitter:card\" content=\"summary_large_image\" \/>\n<meta name=\"twitter:label1\" content=\"Gesch\u00e4tzte Lesezeit\" \/>\n\t<meta name=\"twitter:data1\" content=\"1\u00a0Minute\" \/>\n<script type=\"application\/ld+json\" class=\"yoast-schema-graph\">{\"@context\":\"https:\\\/\\\/schema.org\",\"@graph\":[{\"@type\":\"WebPage\",\"@id\":\"https:\\\/\\\/www.ehorses.de\\\/magazin\\\/download-muster-pferdekaufvertrag\\\/\",\"url\":\"https:\\\/\\\/www.ehorses.de\\\/magazin\\\/download-muster-pferdekaufvertrag\\\/\",\"name\":\"Muster-Pferdekaufvertrag \u2013 Jetzt kostenfrei downloaden I ehorses\",\"isPartOf\":{\"@id\":\"https:\\\/\\\/www.ehorses.de\\\/magazin\\\/#website\"},\"datePublished\":\"2025-02-12T08:46:05+00:00\",\"dateModified\":\"2025-02-12T09:55:40+00:00\",\"description\":\"Pferdekaufvertrag als Muster zum Download \u2013 rechtssicher & kostenfrei f\u00fcr K\u00e4ufer und Verk\u00e4ufer \u25ba Jetzt mehr erfahren!\",\"breadcrumb\":{\"@id\":\"https:\\\/\\\/www.ehorses.de\\\/magazin\\\/download-muster-pferdekaufvertrag\\\/#breadcrumb\"},\"inLanguage\":\"de\",\"potentialAction\":[{\"@type\":\"ReadAction\",\"target\":[\"https:\\\/\\\/www.ehorses.de\\\/magazin\\\/download-muster-pferdekaufvertrag\\\/\"]}]},{\"@type\":\"BreadcrumbList\",\"@id\":\"https:\\\/\\\/www.ehorses.de\\\/magazin\\\/download-muster-pferdekaufvertrag\\\/#breadcrumb\",\"itemListElement\":[{\"@type\":\"ListItem\",\"position\":1,\"name\":\"Startseite\",\"item\":\"https:\\\/\\\/www.ehorses.de\\\/magazin\\\/\"},{\"@type\":\"ListItem\",\"position\":2,\"name\":\"Download Muster-Pferdekaufvertrag\"}]},{\"@type\":\"WebSite\",\"@id\":\"https:\\\/\\\/www.ehorses.de\\\/magazin\\\/#website\",\"url\":\"https:\\\/\\\/www.ehorses.de\\\/magazin\\\/\",\"name\":\"ehorses Magazin\",\"description\":\"\",\"potentialAction\":[{\"@type\":\"SearchAction\",\"target\":{\"@type\":\"EntryPoint\",\"urlTemplate\":\"https:\\\/\\\/www.ehorses.de\\\/magazin\\\/?s={search_term_string}\"},\"query-input\":{\"@type\":\"PropertyValueSpecification\",\"valueRequired\":true,\"valueName\":\"search_term_string\"}}],\"inLanguage\":\"de\"}]}<\/script>\n<!-- \/ Yoast SEO plugin. -->","yoast_head_json":{"title":"Muster-Pferdekaufvertrag \u2013 Jetzt kostenfrei downloaden I ehorses","description":"Pferdekaufvertrag als Muster zum Download \u2013 rechtssicher & kostenfrei f\u00fcr K\u00e4ufer und Verk\u00e4ufer \u25ba Jetzt mehr erfahren!","robots":{"index":"index","follow":"follow","max-snippet":"max-snippet:-1","max-image-preview":"max-image-preview:large","max-video-preview":"max-video-preview:-1"},"canonical":"https:\/\/www.ehorses.de\/magazin\/download-muster-pferdekaufvertrag\/","og_locale":"de_DE","og_type":"article","og_title":"Muster-Pferdekaufvertrag \u2013 Jetzt kostenfrei downloaden I ehorses","og_description":"Pferdekaufvertrag als Muster zum Download \u2013 rechtssicher & kostenfrei f\u00fcr K\u00e4ufer und Verk\u00e4ufer \u25ba Jetzt mehr erfahren!","og_url":"https:\/\/www.ehorses.de\/magazin\/download-muster-pferdekaufvertrag\/","og_site_name":"ehorses Magazin","article_modified_time":"2025-02-12T09:55:40+00:00","twitter_card":"summary_large_image","twitter_misc":{"Gesch\u00e4tzte Lesezeit":"1\u00a0Minute"},"schema":{"@context":"https:\/\/schema.org","@graph":[{"@type":"WebPage","@id":"https:\/\/www.ehorses.de\/magazin\/download-muster-pferdekaufvertrag\/","url":"https:\/\/www.ehorses.de\/magazin\/download-muster-pferdekaufvertrag\/","name":"Muster-Pferdekaufvertrag \u2013 Jetzt kostenfrei downloaden I ehorses","isPartOf":{"@id":"https:\/\/www.ehorses.de\/magazin\/#website"},"datePublished":"2025-02-12T08:46:05+00:00","dateModified":"2025-02-12T09:55:40+00:00","description":"Pferdekaufvertrag als Muster zum Download \u2013 rechtssicher & kostenfrei f\u00fcr K\u00e4ufer und Verk\u00e4ufer \u25ba Jetzt mehr erfahren!","breadcrumb":{"@id":"https:\/\/www.ehorses.de\/magazin\/download-muster-pferdekaufvertrag\/#breadcrumb"},"inLanguage":"de","potentialAction":[{"@type":"ReadAction","target":["https:\/\/www.ehorses.de\/magazin\/download-muster-pferdekaufvertrag\/"]}]},{"@type":"BreadcrumbList","@id":"https:\/\/www.ehorses.de\/magazin\/download-muster-pferdekaufvertrag\/#breadcrumb","itemListElement":[{"@type":"ListItem","position":1,"name":"Startseite","item":"https:\/\/www.ehorses.de\/magazin\/"},{"@type":"ListItem","position":2,"name":"Download Muster-Pferdekaufvertrag"}]},{"@type":"WebSite","@id":"https:\/\/www.ehorses.de\/magazin\/#website","url":"https:\/\/www.ehorses.de\/magazin\/","name":"ehorses Magazin","description":"","potentialAction":[{"@type":"SearchAction","target":{"@type":"EntryPoint","urlTemplate":"https:\/\/www.ehorses.de\/magazin\/?s={search_term_string}"},"query-input":{"@type":"PropertyValueSpecification","valueRequired":true,"valueName":"search_term_string"}}],"inLanguage":"de"}]}},"_links":{"self":[{"href":"https:\/\/www.ehorses.de\/magazin\/wp-json\/wp\/v2\/pages\/74527","targetHints":{"allow":["GET"]}}],"collection":[{"href":"https:\/\/www.ehorses.de\/magazin\/wp-json\/wp\/v2\/pages"}],"about":[{"href":"https:\/\/www.ehorses.de\/magazin\/wp-json\/wp\/v2\/types\/page"}],"author":[{"embeddable":true,"href":"https:\/\/www.ehorses.de\/magazin\/wp-json\/wp\/v2\/users\/129"}],"replies":[{"embeddable":true,"href":"https:\/\/www.ehorses.de\/magazin\/wp-json\/wp\/v2\/comments?post=74527"}],"version-history":[{"count":7,"href":"https:\/\/www.ehorses.de\/magazin\/wp-json\/wp\/v2\/pages\/74527\/revisions"}],"predecessor-version":[{"id":74536,"href":"https:\/\/www.ehorses.de\/magazin\/wp-json\/wp\/v2\/pages\/74527\/revisions\/74536"}],"wp:attachment":[{"href":"https:\/\/www.ehorses.de\/magazin\/wp-json\/wp\/v2\/media?parent=74527"}],"curies":[{"name":"wp","href":"https:\/\/api.w.org\/{rel}","templated":true}]}}